{"id":483,"date":"2023-02-28T14:09:02","date_gmt":"2023-02-28T14:09:02","guid":{"rendered":"https:\/\/hueecohomestay.com\/?page_id=483"},"modified":"2023-03-09T17:23:02","modified_gmt":"2023-03-09T10:23:02","slug":"dat-phong","status":"publish","type":"page","link":"https:\/\/hueecohomestay.com\/en\/dat-phong\/","title":{"rendered":"\u0110\u1eb7t Ph\u00f2ng"},"content":{"rendered":"<div data-elementor-type=\"wp-page\" data-elementor-id=\"483\" class=\"elementor elementor-483\">\n\t\t\t\t\t\t<section class=\"elementor-section elementor-top-section elementor-element elementor-element-432318c elementor-section-boxed elementor-section-height-default elementor-section-height-default\" data-id=\"432318c\" data-element_type=\"section\" data-e-type=\"section\" data-settings=\"{&quot;background_background&quot;:&quot;classic&quot;}\">\n\t\t\t\t\t\t<div class=\"elementor-container elementor-column-gap-default\">\n\t\t\t\t\t<div class=\"elementor-column elementor-col-100 elementor-top-column elementor-element elementor-element-f209c8c\" data-id=\"f209c8c\" data-element_type=\"column\" data-e-type=\"column\">\n\t\t\t<div class=\"elementor-widget-wrap elementor-element-populated\">\n\t\t\t\t\t\t<div class=\"elementor-element elementor-element-3773a3d elementor-widget elementor-widget-heading\" data-id=\"3773a3d\" data-element_type=\"widget\" data-e-type=\"widget\" data-widget_type=\"heading.default\">\n\t\t\t\t<div class=\"elementor-widget-container\">\n\t\t\t\t\t<h1 class=\"elementor-heading-title elementor-size-default\">\u0110\u1eb6T PH\u00d2NG<\/h1>\t\t\t\t<\/div>\n\t\t\t\t<\/div>\n\t\t\t\t\t<\/div>\n\t\t<\/div>\n\t\t\t\t\t<\/div>\n\t\t<\/section>\n\t\t\t\t<section class=\"elementor-section elementor-top-section elementor-element elementor-element-358b9ff6 elementor-section-boxed elementor-section-height-default elementor-section-height-default\" data-id=\"358b9ff6\" data-element_type=\"section\" data-e-type=\"section\">\n\t\t\t\t\t\t<div class=\"elementor-container elementor-column-gap-default\">\n\t\t\t\t\t<div class=\"elementor-column elementor-col-100 elementor-top-column elementor-element elementor-element-60a19bd7\" data-id=\"60a19bd7\" data-element_type=\"column\" data-e-type=\"column\">\n\t\t\t<div class=\"elementor-widget-wrap elementor-element-populated\">\n\t\t\t\t\t\t<div class=\"elementor-element elementor-element-291ab99 elementor-widget elementor-widget-heading\" data-id=\"291ab99\" data-element_type=\"widget\" data-e-type=\"widget\" data-widget_type=\"heading.default\">\n\t\t\t\t<div class=\"elementor-widget-container\">\n\t\t\t\t\t<h2 class=\"elementor-heading-title elementor-size-default\">L\u01afU \u00dd \n(HOME XIN QU\u00dd KH\u00c1CH 1 PH\u00daT \u0110\u1ec2 GI\u1edaI THI\u1ec6U CH\u00cdNH S\u00c1CH C\u1ea6N \u0110\u1eccC \u0110\u1ec2 H\u1ea0N CH\u1ebe VI\u1ec6C HI\u1ec2U L\u1ea6M TRONG QU\u00c1 TR\u00ccNH L\u01afU TR\u00da T\u1ea0I HOME)<\/h2>\t\t\t\t<\/div>\n\t\t\t\t<\/div>\n\t\t\t\t<div class=\"elementor-element elementor-element-21060a7 elementor-widget elementor-widget-text-editor\" data-id=\"21060a7\" data-element_type=\"widget\" data-e-type=\"widget\" data-widget_type=\"text-editor.default\">\n\t\t\t\t<div class=\"elementor-widget-container\">\n\t\t\t\t\t\t\t\t\t<p><strong>CH\u00cdNH S\u00c1CH \u0110\u1eb6T C\u1eccC<\/strong><\/p><p>Trong v\u00f2ng 24 gi\u1edd k\u1ec3 t\u1eeb khi \u0111\u1eb7t ph\u00f2ng. Qu\u00fd kh\u00e1ch vui l\u00f2ng thanh to\u00e1n 30-50% t\u1ed5ng gi\u00e1 tr\u1ecb \u0111\u1eb7t ph\u00f2ng \u0111\u1ec3 homestay gi\u1eef ph\u00f2ng cho chuy\u1ebfn \u0111i c\u1ee7a qu\u00fd kh\u00e1ch.<\/p><p>Vi\u1ec7c thanh to\u00e1n\u00a0vui l\u00f2ng chuy\u1ec3n kho\u1ea3n\u00a0v\u00e0o\u00a0t\u00e0i kho\u1ea3n sau:<\/p><ul><li><strong>T\u00ean t\u00e0i kho\u1ea3n: NGUYEN THI QUYNH ANH<\/strong><\/li><li><strong>STK: 0161000019246<\/strong><\/li><li><strong>T\u1ea1i: VIETCOMBANK &#8211; NH\u00a0NGO\u1ea0I TH\u01af\u01a0NG CHI NH\u00c1NH HU\u1ebe\u00a0<\/strong><\/li><\/ul><p><strong><em><u>L\u01b0u \u00fd<\/u><\/em><\/strong><strong><em>: \u0110\u1eb7t ph\u00f2ng \u0111\u01b0\u1ee3c x\u00e1c nh\u1eadn khi Qu\u00fd Kh\u00e1ch h\u00e0ng, ho\u00e0n t\u1ea5t \u0111\u1eb7t c\u1ecdc cho Homestay \u1ea1.\u00a0<\/em><\/strong><\/p><p><strong>CH\u00cdNH S\u00c1CH H\u1ee6Y \u0110\u1eb6T PH\u00d2NG<\/strong><\/p><p>Trong v\u00f2ng 24 ti\u1ebfng k\u1ec3 t\u1eeb khi \u0111\u1eb7t ph\u00f2ng, n\u1ebfu k\u1ebf ho\u1ea1ch c\u1ee7a Qu\u00fd kh\u00e1ch c\u00f3 thay \u0111\u1ed5i, vui l\u00f2ng li\u00ean h\u1ec7 Homestay \u0111\u1ec3 ho\u00e0n l\u1ea1i ti\u1ec1n c\u1ecdc. Sau 24 ti\u1ebfng \u0111\u00f3, n\u1ebfu Qu\u00fd kh\u00e1ch c\u00f3 thay \u0111\u1ed5i v\u00ec l\u00fd do b\u1ea5t kh\u1ea3 kh\u00e1ng, Hu\u1ebf Eco s\u1ebd l\u01b0u l\u1ea1i booking c\u1ee7a Qu\u00fd kh\u00e1ch \u0111\u1ec3 d\u00f9ng cho l\u1ea7n booking sau. (C\u00f3 hi\u1ec7u l\u1ef1c 6 th\u00e1ng k\u1ec3 t\u1eeb khi h\u1ee7y ph\u00f2ng).<\/p><p><strong>TH\u1edcI GIAN NH\u1eacN &amp; TR\u1ea2 PH\u00d2NG<\/strong><\/p><p>Gi\u1edd nh\u1eadn ph\u00f2ng: 14h00<\/p><p>Gi\u1edd tr\u1ea3 ph\u00f2ng: 12h00<\/p><p><strong>CH\u00cdNH S\u00c1CH TR\u1eba EM<\/strong><\/p><p>Ph\u00f9 h\u1ee3p cho t\u1ea5t c\u1ea3 tr\u1ebb em. Tr\u1ebb em t\u1eeb 9 tu\u1ed5i tr\u1edf l\u00ean \u0111\u01b0\u1ee3c t\u00ednh nh\u01b0 ng\u01b0\u1eddi l\u1edbn.<\/p><p><strong>TH\u1edcI GIAN Y\u00caN L\u1eb6NG<\/strong><\/p><p>Kh\u00e1ch c\u1ea7n gi\u1eef\u00a0y\u00ean l\u1eb7ng t\u1eeb 22h00 \u0111\u1ebfn 06h00.<\/p><p><strong>CH\u00cdNH S\u00c1CH V\u1eacT NU\u00d4I &amp; H\u00daT THU\u1ed0C<\/strong><\/p><p>V\u1eadt nu\u00f4i v\u00e0 h\u00fat thu\u1ed1c kh\u00f4ng \u0111\u01b0\u1ee3c ph\u00e9p.<\/p>\t\t\t\t\t\t\t\t<\/div>\n\t\t\t\t<\/div>\n\t\t\t\t<div class=\"elementor-element elementor-element-e8a7e9c elementor-widget elementor-widget-text-editor\" data-id=\"e8a7e9c\" data-element_type=\"widget\" data-e-type=\"widget\" data-widget_type=\"text-editor.default\">\n\t\t\t\t<div class=\"elementor-widget-container\">\n\t\t\t\t\t\t\t\t\t<p>Qu\u00fd Kh\u00e1ch C\u00f3 Th\u1ec3 \u0110\u1eb7t Ph\u00f2ng Tr\u00ean Page Ho\u1eb7c Li\u00ean H\u1ec7 0911343616 \u0111\u1ec3 nh\u1eadn th\u00eam h\u1ed7 tr\u1ee3.<\/p><p>Hu\u1ebf Eco Homestay xin ch\u00e2n th\u00e0nh c\u1ea3m \u01a1n.<\/p>\t\t\t\t\t\t\t\t<\/div>\n\t\t\t\t<\/div>\n\t\t\t\t\t<\/div>\n\t\t<\/div>\n\t\t\t\t\t<\/div>\n\t\t<\/section>\n\t\t\t\t<\/div>","protected":false},"excerpt":{"rendered":"<p>\u0110\u1eb6T PH\u00d2NG L\u01afU \u00dd (HOME XIN QU\u00dd KH\u00c1CH 1 PH\u00daT \u0110\u1ec2 GI\u1edaI THI\u1ec6U CH\u00cdNH S\u00c1CH C\u1ea6N \u0110\u1eccC \u0110\u1ec2 H\u1ea0N CH\u1ebe [&hellip;]<\/p>\n","protected":false},"author":1,"featured_media":0,"parent":0,"menu_order":0,"comment_status":"closed","ping_status":"closed","template":"","meta":{"site-sidebar-layout":"default","site-content-layout":"","ast-site-content-layout":"default","site-content-style":"default","site-sidebar-style":"default","ast-global-header-display":"","ast-banner-title-visibility":"","ast-main-header-display":"","ast-hfb-above-header-display":"","ast-hfb-below-header-display":"","ast-hfb-mobile-header-display":"","site-post-title":"disabled","ast-breadcrumbs-content":"","ast-featured-img":"","footer-sml-layout":"","ast-disable-related-posts":"","theme-transparent-header-meta":"","adv-header-id-meta":"","stick-header-meta":"","header-above-stick-meta":"","header-main-stick-meta":"","header-below-stick-meta":"","astra-migrate-meta-layouts":"default","ast-page-background-enabled":"default","ast-page-background-meta":{"desktop":{"background-color":"","background-image":"","background-repeat":"repeat","background-position":"center center","background-size":"auto","background-attachment":"scroll","background-type":"","background-media":"","overlay-type":"","overlay-color":"","overlay-opacity":"","overlay-gradient":""},"tablet":{"background-color":"","background-image":"","background-repeat":"repeat","background-position":"center center","background-size":"auto","background-attachment":"scroll","background-type":"","background-media":"","overlay-type":"","overlay-color":"","overlay-opacity":"","overlay-gradient":""},"mobile":{"background-color":"","background-image":"","background-repeat":"repeat","background-position":"center center","background-size":"auto","background-attachment":"scroll","background-type":"","background-media":"","overlay-type":"","overlay-color":"","overlay-opacity":"","overlay-gradient":""}},"ast-content-background-meta":{"desktop":{"background-color":"var(--ast-global-color-5)","background-image":"","background-repeat":"repeat","background-position":"center center","background-size":"auto","background-attachment":"scroll","background-type":"","background-media":"","overlay-type":"","overlay-color":"","overlay-opacity":"","overlay-gradient":""},"tablet":{"background-color":"var(--ast-global-color-5)","background-image":"","background-repeat":"repeat","background-position":"center center","background-size":"auto","background-attachment":"scroll","background-type":"","background-media":"","overlay-type":"","overlay-color":"","overlay-opacity":"","overlay-gradient":""},"mobile":{"background-color":"var(--ast-global-color-5)","background-image":"","background-repeat":"repeat","background-position":"center center","background-size":"auto","background-attachment":"scroll","background-type":"","background-media":"","overlay-type":"","overlay-color":"","overlay-opacity":"","overlay-gradient":""}},"footnotes":""},"class_list":["post-483","page","type-page","status-publish","hentry"],"yoast_head":"<!-- This site is optimized with the Yoast SEO plugin v27.3 - https:\/\/yoast.com\/product\/yoast-seo-wordpress\/ -->\n<title>\u0110\u1eb7t Ph\u00f2ng - Hu\u1ebf Eco Homestay<\/title>\n<meta name=\"robots\" content=\"index, follow, max-snippet:-1, max-image-preview:large, max-video-preview:-1\" \/>\n<link rel=\"canonical\" href=\"https:\/\/hueecohomestay.com\/en\/dat-phong\/\" \/>\n<meta property=\"og:locale\" content=\"en_US\" \/>\n<meta property=\"og:type\" content=\"article\" \/>\n<meta property=\"og:title\" content=\"\u0110\u1eb7t Ph\u00f2ng - Hu\u1ebf Eco Homestay\" \/>\n<meta property=\"og:description\" content=\"\u0110\u1eb6T PH\u00d2NG L\u01afU \u00dd (HOME XIN QU\u00dd KH\u00c1CH 1 PH\u00daT \u0110\u1ec2 GI\u1edaI THI\u1ec6U CH\u00cdNH S\u00c1CH C\u1ea6N \u0110\u1eccC \u0110\u1ec2 H\u1ea0N CH\u1ebe [&hellip;]\" \/>\n<meta property=\"og:url\" content=\"https:\/\/hueecohomestay.com\/en\/dat-phong\/\" \/>\n<meta property=\"og:site_name\" content=\"Hu\u1ebf Eco Homestay\" \/>\n<meta property=\"article:publisher\" content=\"https:\/\/www.facebook.com\/HueEcoHomestay\" \/>\n<meta property=\"article:modified_time\" content=\"2023-03-09T10:23:02+00:00\" \/>\n<meta name=\"twitter:card\" content=\"summary_large_image\" \/>\n<meta name=\"twitter:label1\" content=\"Est. reading time\" \/>\n\t<meta name=\"twitter:data1\" content=\"4 minutes\" \/>\n<script type=\"application\/ld+json\" class=\"yoast-schema-graph\">{\"@context\":\"https:\\\/\\\/schema.org\",\"@graph\":[{\"@type\":\"WebPage\",\"@id\":\"https:\\\/\\\/hueecohomestay.com\\\/dat-phong\\\/\",\"url\":\"https:\\\/\\\/hueecohomestay.com\\\/dat-phong\\\/\",\"name\":\"\u0110\u1eb7t Ph\u00f2ng - Hu\u1ebf Eco Homestay\",\"isPartOf\":{\"@id\":\"https:\\\/\\\/hue-eco-homestay-c852b5.ingress-earth.ewp.live\\\/#website\"},\"datePublished\":\"2023-02-28T14:09:02+00:00\",\"dateModified\":\"2023-03-09T10:23:02+00:00\",\"breadcrumb\":{\"@id\":\"https:\\\/\\\/hueecohomestay.com\\\/dat-phong\\\/#breadcrumb\"},\"inLanguage\":\"en-US\",\"potentialAction\":[{\"@type\":\"ReadAction\",\"target\":[\"https:\\\/\\\/hueecohomestay.com\\\/dat-phong\\\/\"]}]},{\"@type\":\"BreadcrumbList\",\"@id\":\"https:\\\/\\\/hueecohomestay.com\\\/dat-phong\\\/#breadcrumb\",\"itemListElement\":[{\"@type\":\"ListItem\",\"position\":1,\"name\":\"Home\",\"item\":\"https:\\\/\\\/hueecohomestay.com\\\/\"},{\"@type\":\"ListItem\",\"position\":2,\"name\":\"\u0110\u1eb7t Ph\u00f2ng\"}]},{\"@type\":\"WebSite\",\"@id\":\"https:\\\/\\\/hue-eco-homestay-c852b5.ingress-earth.ewp.live\\\/#website\",\"url\":\"https:\\\/\\\/hue-eco-homestay-c852b5.ingress-earth.ewp.live\\\/\",\"name\":\"Hu\u1ebf Eco Homestay\",\"description\":\"Homestay Xanh \u0110\u1ea7u Ti\u00ean T\u1ea1i Vi\u1ec7t Nam\",\"publisher\":{\"@id\":\"https:\\\/\\\/hue-eco-homestay-c852b5.ingress-earth.ewp.live\\\/#organization\"},\"potentialAction\":[{\"@type\":\"SearchAction\",\"target\":{\"@type\":\"EntryPoint\",\"urlTemplate\":\"https:\\\/\\\/hue-eco-homestay-c852b5.ingress-earth.ewp.live\\\/?s={search_term_string}\"},\"query-input\":{\"@type\":\"PropertyValueSpecification\",\"valueRequired\":true,\"valueName\":\"search_term_string\"}}],\"inLanguage\":\"en-US\"},{\"@type\":\"Organization\",\"@id\":\"https:\\\/\\\/hue-eco-homestay-c852b5.ingress-earth.ewp.live\\\/#organization\",\"name\":\"Hu\u1ebf Eco Homestay\",\"alternateName\":\"Hue Eco Homestay\",\"url\":\"https:\\\/\\\/hue-eco-homestay-c852b5.ingress-earth.ewp.live\\\/\",\"logo\":{\"@type\":\"ImageObject\",\"inLanguage\":\"en-US\",\"@id\":\"https:\\\/\\\/hue-eco-homestay-c852b5.ingress-earth.ewp.live\\\/#\\\/schema\\\/logo\\\/image\\\/\",\"url\":\"https:\\\/\\\/hueecohomestay.com\\\/wp-content\\\/uploads\\\/2023\\\/03\\\/cropped-Untitled-design-20.png\",\"contentUrl\":\"https:\\\/\\\/hueecohomestay.com\\\/wp-content\\\/uploads\\\/2023\\\/03\\\/cropped-Untitled-design-20.png\",\"width\":512,\"height\":512,\"caption\":\"Hu\u1ebf Eco Homestay\"},\"image\":{\"@id\":\"https:\\\/\\\/hue-eco-homestay-c852b5.ingress-earth.ewp.live\\\/#\\\/schema\\\/logo\\\/image\\\/\"},\"sameAs\":[\"https:\\\/\\\/www.facebook.com\\\/HueEcoHomestay\"]}]}<\/script>\n<!-- \/ Yoast SEO plugin. -->","yoast_head_json":{"title":"\u0110\u1eb7t Ph\u00f2ng - Hu\u1ebf Eco Homestay","robots":{"index":"index","follow":"follow","max-snippet":"max-snippet:-1","max-image-preview":"max-image-preview:large","max-video-preview":"max-video-preview:-1"},"canonical":"https:\/\/hueecohomestay.com\/en\/dat-phong\/","og_locale":"en_US","og_type":"article","og_title":"\u0110\u1eb7t Ph\u00f2ng - Hu\u1ebf Eco Homestay","og_description":"\u0110\u1eb6T PH\u00d2NG L\u01afU \u00dd (HOME XIN QU\u00dd KH\u00c1CH 1 PH\u00daT \u0110\u1ec2 GI\u1edaI THI\u1ec6U CH\u00cdNH S\u00c1CH C\u1ea6N \u0110\u1eccC \u0110\u1ec2 H\u1ea0N CH\u1ebe [&hellip;]","og_url":"https:\/\/hueecohomestay.com\/en\/dat-phong\/","og_site_name":"Hu\u1ebf Eco Homestay","article_publisher":"https:\/\/www.facebook.com\/HueEcoHomestay","article_modified_time":"2023-03-09T10:23:02+00:00","twitter_card":"summary_large_image","twitter_misc":{"Est. reading time":"4 minutes"},"schema":{"@context":"https:\/\/schema.org","@graph":[{"@type":"WebPage","@id":"https:\/\/hueecohomestay.com\/dat-phong\/","url":"https:\/\/hueecohomestay.com\/dat-phong\/","name":"\u0110\u1eb7t Ph\u00f2ng - Hu\u1ebf Eco Homestay","isPartOf":{"@id":"https:\/\/hue-eco-homestay-c852b5.ingress-earth.ewp.live\/#website"},"datePublished":"2023-02-28T14:09:02+00:00","dateModified":"2023-03-09T10:23:02+00:00","breadcrumb":{"@id":"https:\/\/hueecohomestay.com\/dat-phong\/#breadcrumb"},"inLanguage":"en-US","potentialAction":[{"@type":"ReadAction","target":["https:\/\/hueecohomestay.com\/dat-phong\/"]}]},{"@type":"BreadcrumbList","@id":"https:\/\/hueecohomestay.com\/dat-phong\/#breadcrumb","itemListElement":[{"@type":"ListItem","position":1,"name":"Home","item":"https:\/\/hueecohomestay.com\/"},{"@type":"ListItem","position":2,"name":"\u0110\u1eb7t Ph\u00f2ng"}]},{"@type":"WebSite","@id":"https:\/\/hue-eco-homestay-c852b5.ingress-earth.ewp.live\/#website","url":"https:\/\/hue-eco-homestay-c852b5.ingress-earth.ewp.live\/","name":"Hue Eco Hotel","description":"Homestay Xanh \u0110\u1ea7u Ti\u00ean T\u1ea1i Vi\u1ec7t Nam","publisher":{"@id":"https:\/\/hue-eco-homestay-c852b5.ingress-earth.ewp.live\/#organization"},"potentialAction":[{"@type":"SearchAction","target":{"@type":"EntryPoint","urlTemplate":"https:\/\/hue-eco-homestay-c852b5.ingress-earth.ewp.live\/?s={search_term_string}"},"query-input":{"@type":"PropertyValueSpecification","valueRequired":true,"valueName":"search_term_string"}}],"inLanguage":"en-US"},{"@type":"Organization","@id":"https:\/\/hue-eco-homestay-c852b5.ingress-earth.ewp.live\/#organization","name":"Hue Eco Hotel","alternateName":"Hue Eco Homestay","url":"https:\/\/hue-eco-homestay-c852b5.ingress-earth.ewp.live\/","logo":{"@type":"ImageObject","inLanguage":"en-US","@id":"https:\/\/hue-eco-homestay-c852b5.ingress-earth.ewp.live\/#\/schema\/logo\/image\/","url":"https:\/\/hueecohomestay.com\/wp-content\/uploads\/2023\/03\/cropped-Untitled-design-20.png","contentUrl":"https:\/\/hueecohomestay.com\/wp-content\/uploads\/2023\/03\/cropped-Untitled-design-20.png","width":512,"height":512,"caption":"Hu\u1ebf Eco Homestay"},"image":{"@id":"https:\/\/hue-eco-homestay-c852b5.ingress-earth.ewp.live\/#\/schema\/logo\/image\/"},"sameAs":["https:\/\/www.facebook.com\/HueEcoHomestay"]}]}},"_links":{"self":[{"href":"https:\/\/hueecohomestay.com\/en\/wp-json\/wp\/v2\/pages\/483","targetHints":{"allow":["GET"]}}],"collection":[{"href":"https:\/\/hueecohomestay.com\/en\/wp-json\/wp\/v2\/pages"}],"about":[{"href":"https:\/\/hueecohomestay.com\/en\/wp-json\/wp\/v2\/types\/page"}],"author":[{"embeddable":true,"href":"https:\/\/hueecohomestay.com\/en\/wp-json\/wp\/v2\/users\/1"}],"replies":[{"embeddable":true,"href":"https:\/\/hueecohomestay.com\/en\/wp-json\/wp\/v2\/comments?post=483"}],"version-history":[{"count":0,"href":"https:\/\/hueecohomestay.com\/en\/wp-json\/wp\/v2\/pages\/483\/revisions"}],"wp:attachment":[{"href":"https:\/\/hueecohomestay.com\/en\/wp-json\/wp\/v2\/media?parent=483"}],"curies":[{"name":"wp","href":"https:\/\/api.w.org\/{rel}","templated":true}]}}